{"id":635,"date":"2018-08-18T18:47:02","date_gmt":"2018-08-18T18:47:02","guid":{"rendered":"https:\/\/nellestranslations.com\/?page_id=635"},"modified":"2024-08-02T15:15:17","modified_gmt":"2024-08-02T15:15:17","slug":"translations","status":"publish","type":"page","link":"https:\/\/nellestranslations.com\/fr\/translations\/","title":{"rendered":"Traductions"},"content":{"rendered":"<div data-vc-full-width=\"true\" data-vc-full-width-init=\"false\" class=\"vc_row wpb_row vc_row-fluid vc_custom_1490272517666 vc_row-has-fill vc_row-o-equal-height vc_row-flex\"><div class=\"wpb_column vc_column_container vc_col-sm-4 vc_col-has-fill\"><div class=\"vc_column-inner vc_custom_1490272529838\"><div class=\"wpb_wrapper\"><div \tclass=\"vc_icon_element vc_icon_element-outer vc_icon_element-align-left\">\n\t<div class=\"vc_icon_element-inner vc_icon_element-color-custom vc_icon_element-size-lg vc_icon_element-style- vc_icon_element-background-color-grey\">\n\t\t<span class=\"vc_icon_element-icon vc_li vc_li-pen\" style=\"color:#282828 !important\"><\/span><\/div>\n<\/div>\n<h3 style=\"font-size: 32px;color: #272727;text-align: left;font-family:Montserrat;font-weight:400;font-style:normal\" class=\"vc_custom_heading\" >Obtenir un devis<\/h3>\n\t<div class=\"wpb_text_column wpb_content_element\" >\n\t\t<div class=\"wpb_wrapper\">\n\t\t\t<p>Nous travaillons avec plus de 100 langues. Le processus d\u00e9bute g\u00e9n\u00e9ralement par un devis. \u00c0 partir de l\u00e0, nous pouvons travailler avec votre \u00e9quipe pour comprendre votre projet afin de vous fournir la meilleure solution.<\/p>\n\n\t\t<\/div>\n\t<\/div>\n<\/div><\/div><\/div><div class=\"wpb_column vc_column_container vc_col-sm-4 vc_col-has-fill\"><div class=\"vc_column-inner vc_custom_1490272535891\"><div class=\"wpb_wrapper\"><div \tclass=\"vc_icon_element vc_icon_element-outer vc_icon_element-align-left\">\n\t<div class=\"vc_icon_element-inner vc_icon_element-color-custom vc_icon_element-size-lg vc_icon_element-style- vc_icon_element-background-color-grey\">\n\t\t<span class=\"vc_icon_element-icon vc-mono vc-mono-aol\" style=\"color:#282828 !important\"><\/span><\/div>\n<\/div>\n<h3 style=\"font-size: 32px;color: #272727;text-align: left;font-family:Montserrat;font-weight:400;font-style:normal\" class=\"vc_custom_heading\" >D\u00e9lai d\u2019ex\u00e9cution rapide<\/h3>\n\t<div class=\"wpb_text_column wpb_content_element\" >\n\t\t<div class=\"wpb_wrapper\">\n\t\t\t<p>Le devis est g\u00e9n\u00e9ralement effectu\u00e9 en 30-45 minutes la plupart du temps de la journ\u00e9e de travail. Nous les fournissons m\u00eame le week-end et les jours f\u00e9ri\u00e9s.<\/p>\n\n\t\t<\/div>\n\t<\/div>\n<\/div><\/div><\/div><div class=\"wpb_column vc_column_container vc_col-sm-4 vc_col-has-fill\"><div class=\"vc_column-inner vc_custom_1490272541673\"><div class=\"wpb_wrapper\"><div \tclass=\"vc_icon_element vc_icon_element-outer vc_icon_element-align-left\">\n\t<div class=\"vc_icon_element-inner vc_icon_element-color-custom vc_icon_element-size-lg vc_icon_element-style- vc_icon_element-background-color-grey\">\n\t\t<span class=\"vc_icon_element-icon vc_li vc_li-tag\" style=\"color:#ffffff !important\"><\/span><\/div>\n<\/div>\n<h3 style=\"font-size: 32px;color: #ffffff;text-align: left;font-family:Montserrat;font-weight:400;font-style:normal\" class=\"vc_custom_heading\" >Des services flexibles et \u00e9tendus sont notre sp\u00e9cialit\u00e9<\/h3>\n\t<div class=\"wpb_text_column wpb_content_element\" >\n\t\t<div class=\"wpb_wrapper\">\n\t\t\t<p><span style=\"color: #ffffff;\">Que vous ayez un document technique complexe ou un programme de formation interactif, nous pouvons g\u00e9rer votre projet.\u00a0 Nous avons tout fait!<\/span><\/p>\n\n\t\t<\/div>\n\t<\/div>\n<\/div><\/div><\/div><\/div><div class=\"vc_row-full-width vc_clearfix\"><\/div><div class=\"vc_row wpb_row vc_row-fluid\"><div class=\"wpb_column vc_column_container vc_col-sm-12\"><div class=\"vc_column-inner\"><div class=\"wpb_wrapper\"><\/div><\/div><\/div><\/div><div class=\"vc_row wpb_row vc_row-fluid\"><div class=\"wpb_column vc_column_container vc_col-sm-12\"><div class=\"vc_column-inner\"><div class=\"wpb_wrapper\"><section class=\"vc_cta3-container\" >\n\t<div class=\"vc_general vc_cta3 vc_cta3-style-classic vc_cta3-shape-rounded vc_cta3-align-left vc_cta3-color-classic vc_cta3-icon-size-md vc_cta3-actions-right\">\n\t\t\t\t\t\t<div class=\"vc_cta3_content-container\">\n\t\t\t\t\t\t\t\t\t<div class=\"vc_cta3-content\">\n\t\t\t\t<header class=\"vc_cta3-content-header\">\n\t\t\t\t\t<h2>Click here to get a quote<\/h2>\t\t\t\t\t\t\t\t\t<\/header>\n\t\t\t\t\t\t\t<\/div>\n\t\t\t\t\t\t<div class=\"vc_cta3-actions\"><div class=\"vc_btn3-container vc_btn3-inline\" >\n\t<a class=\"vc_general vc_btn3 vc_btn3-size-md vc_btn3-shape-rounded vc_btn3-style-modern vc_btn3-icon-left vc_btn3-color-warning\" href=\"http:\/\/5z0.14d.myftpupload.com\/580-2\/\" title=\"\"><i class=\"vc_btn3-icon fa fa-quora\"><\/i> Quote<\/a><\/div>\n<\/div>\t\t<\/div>\n\t\t\t\t\t<\/div>\n<\/section>\n\n<\/div><\/div><\/div><\/div>","protected":false},"excerpt":{"rendered":"Getting a Quote We work with over 100 languages. The process usually starts with a quote. From there we can [...]","protected":false},"author":1,"featured_media":0,"parent":0,"menu_order":0,"comment_status":"closed","ping_status":"closed","template":"templates\/template-page-full-width.php","meta":{"site-sidebar-layout":"no-sidebar","site-content-layout":"plain-container","ast-site-content-layout":"default","site-content-style":"default","site-sidebar-style":"default","ast-global-header-display":"","ast-banner-title-visibility":"","ast-main-header-display":"","ast-hfb-above-header-display":"","ast-hfb-below-header-display":"","ast-hfb-mobile-header-display":"","site-post-title":"disabled","ast-breadcrumbs-content":"","ast-featured-img":"disabled","footer-sml-layout":"","ast-disable-related-posts":"","theme-transparent-header-meta":"","adv-header-id-meta":"","stick-header-meta":"","header-above-stick-meta":"","header-main-stick-meta":"","header-below-stick-meta":"","astra-migrate-meta-layouts":"default","ast-page-background-enabled":"default","ast-page-background-meta":{"desktop":{"background-color":"var(--ast-global-color-5)","background-image":"","background-repeat":"repeat","background-position":"center center","background-size":"auto","background-attachment":"scroll","background-type":"","background-media":"","overlay-type":"","overlay-color":"","overlay-opacity":"","overlay-gradient":""},"tablet":{"background-color":"","background-image":"","background-repeat":"repeat","background-position":"center center","background-size":"auto","background-attachment":"scroll","background-type":"","background-media":"","overlay-type":"","overlay-color":"","overlay-opacity":"","overlay-gradient":""},"mobile":{"background-color":"","background-image":"","background-repeat":"repeat","background-position":"center center","background-size":"auto","background-attachment":"scroll","background-type":"","background-media":"","overlay-type":"","overlay-color":"","overlay-opacity":"","overlay-gradient":""}},"ast-content-background-meta":{"desktop":{"background-color":"var(--ast-global-color-4)","background-image":"","background-repeat":"repeat","background-position":"center center","background-size":"auto","background-attachment":"scroll","background-type":"","background-media":"","overlay-type":"","overlay-color":"","overlay-opacity":"","overlay-gradient":""},"tablet":{"background-color":"var(--ast-global-color-4)","background-image":"","background-repeat":"repeat","background-position":"center center","background-size":"auto","background-attachment":"scroll","background-type":"","background-media":"","overlay-type":"","overlay-color":"","overlay-opacity":"","overlay-gradient":""},"mobile":{"background-color":"var(--ast-global-color-4)","background-image":"","background-repeat":"repeat","background-position":"center center","background-size":"auto","background-attachment":"scroll","background-type":"","background-media":"","overlay-type":"","overlay-color":"","overlay-opacity":"","overlay-gradient":""}},"footnotes":""},"class_list":["post-635","page","type-page","status-publish","hentry"],"yoast_head":"<!-- This site is optimized with the Yoast SEO plugin v27.6 - https:\/\/yoast.com\/product\/yoast-seo-wordpress\/ -->\n<title>Translations - Nelles Translations<\/title>\n<meta name=\"description\" content=\"translation services, global brand reach with multi-lingual documents\" \/>\n<meta name=\"robots\" content=\"index, follow, max-snippet:-1, max-image-preview:large, max-video-preview:-1\" \/>\n<link rel=\"canonical\" href=\"https:\/\/nellestranslations.com\/fr\/translations\/\" \/>\n<meta property=\"og:locale\" content=\"fr_CA\" \/>\n<meta property=\"og:type\" content=\"article\" \/>\n<meta property=\"og:title\" content=\"Translations - Nelles Translations\" \/>\n<meta property=\"og:description\" content=\"translation services, global brand reach with multi-lingual documents\" \/>\n<meta property=\"og:url\" content=\"https:\/\/nellestranslations.com\/fr\/translations\/\" \/>\n<meta property=\"og:site_name\" content=\"Nelles Translations\" \/>\n<meta property=\"article:modified_time\" content=\"2024-08-02T15:15:17+00:00\" \/>\n<meta name=\"twitter:card\" content=\"summary_large_image\" \/>\n<meta name=\"twitter:label1\" content=\"Estimation du temps de lecture\" \/>\n\t<meta name=\"twitter:data1\" content=\"1 minute\" \/>\n<script type=\"application\/ld+json\" class=\"yoast-schema-graph\">{\"@context\":\"https:\\\/\\\/schema.org\",\"@graph\":[{\"@type\":\"WebPage\",\"@id\":\"https:\\\/\\\/nellestranslations.com\\\/es\\\/translations\\\/\",\"url\":\"https:\\\/\\\/nellestranslations.com\\\/es\\\/translations\\\/\",\"name\":\"Translations - Nelles Translations\",\"isPartOf\":{\"@id\":\"https:\\\/\\\/nellestranslations.com\\\/fr\\\/#website\"},\"datePublished\":\"2018-08-18T18:47:02+00:00\",\"dateModified\":\"2024-08-02T15:15:17+00:00\",\"description\":\"translation services, global brand reach with multi-lingual documents\",\"breadcrumb\":{\"@id\":\"https:\\\/\\\/nellestranslations.com\\\/es\\\/translations\\\/#breadcrumb\"},\"inLanguage\":\"fr-CA\",\"potentialAction\":[{\"@type\":\"ReadAction\",\"target\":[\"https:\\\/\\\/nellestranslations.com\\\/es\\\/translations\\\/\"]}]},{\"@type\":\"BreadcrumbList\",\"@id\":\"https:\\\/\\\/nellestranslations.com\\\/es\\\/translations\\\/#breadcrumb\",\"itemListElement\":[{\"@type\":\"ListItem\",\"position\":1,\"name\":\"Home\",\"item\":\"https:\\\/\\\/nellestranslations.com\\\/fr\\\/\"},{\"@type\":\"ListItem\",\"position\":2,\"name\":\"Translations\"}]},{\"@type\":\"WebSite\",\"@id\":\"https:\\\/\\\/nellestranslations.com\\\/fr\\\/#website\",\"url\":\"https:\\\/\\\/nellestranslations.com\\\/fr\\\/\",\"name\":\"Nelles Translations\",\"description\":\"Nelles Translations                                                   from simple one-page to complex technical documents. We do it all!\",\"publisher\":{\"@id\":\"https:\\\/\\\/nellestranslations.com\\\/fr\\\/#organization\"},\"potentialAction\":[{\"@type\":\"SearchAction\",\"target\":{\"@type\":\"EntryPoint\",\"urlTemplate\":\"https:\\\/\\\/nellestranslations.com\\\/fr\\\/?s={search_term_string}\"},\"query-input\":{\"@type\":\"PropertyValueSpecification\",\"valueRequired\":true,\"valueName\":\"search_term_string\"}}],\"inLanguage\":\"fr-CA\"},{\"@type\":\"Organization\",\"@id\":\"https:\\\/\\\/nellestranslations.com\\\/fr\\\/#organization\",\"name\":\"Nelles Translations\",\"url\":\"https:\\\/\\\/nellestranslations.com\\\/fr\\\/\",\"logo\":{\"@type\":\"ImageObject\",\"inLanguage\":\"fr-CA\",\"@id\":\"https:\\\/\\\/nellestranslations.com\\\/fr\\\/#\\\/schema\\\/logo\\\/image\\\/\",\"url\":\"https:\\\/\\\/5z014d.p3cdn1.secureserver.net\\\/wp-content\\\/uploads\\\/2020\\\/11\\\/nelles-portal-image.jpg?time=1722610171\",\"contentUrl\":\"https:\\\/\\\/5z014d.p3cdn1.secureserver.net\\\/wp-content\\\/uploads\\\/2020\\\/11\\\/nelles-portal-image.jpg?time=1722610171\",\"width\":315,\"height\":600,\"caption\":\"Nelles Translations\"},\"image\":{\"@id\":\"https:\\\/\\\/nellestranslations.com\\\/fr\\\/#\\\/schema\\\/logo\\\/image\\\/\"},\"sameAs\":[\"https:\\\/\\\/www.linkedin.com\\\/in\\\/dennis-munro-528aa611\\\/\"]}]}<\/script>\n<!-- \/ Yoast SEO plugin. -->","yoast_head_json":{"title":"Translations - Nelles Translations","description":"translation services, global brand reach with multi-lingual documents","robots":{"index":"index","follow":"follow","max-snippet":"max-snippet:-1","max-image-preview":"max-image-preview:large","max-video-preview":"max-video-preview:-1"},"canonical":"https:\/\/nellestranslations.com\/fr\/translations\/","og_locale":"fr_CA","og_type":"article","og_title":"Translations - Nelles Translations","og_description":"translation services, global brand reach with multi-lingual documents","og_url":"https:\/\/nellestranslations.com\/fr\/translations\/","og_site_name":"Nelles Translations","article_modified_time":"2024-08-02T15:15:17+00:00","twitter_card":"summary_large_image","twitter_misc":{"Estimation du temps de lecture":"1 minute"},"schema":{"@context":"https:\/\/schema.org","@graph":[{"@type":"WebPage","@id":"https:\/\/nellestranslations.com\/es\/translations\/","url":"https:\/\/nellestranslations.com\/es\/translations\/","name":"Translations - Nelles Translations","isPartOf":{"@id":"https:\/\/nellestranslations.com\/fr\/#website"},"datePublished":"2018-08-18T18:47:02+00:00","dateModified":"2024-08-02T15:15:17+00:00","description":"translation services, global brand reach with multi-lingual documents","breadcrumb":{"@id":"https:\/\/nellestranslations.com\/es\/translations\/#breadcrumb"},"inLanguage":"fr-CA","potentialAction":[{"@type":"ReadAction","target":["https:\/\/nellestranslations.com\/es\/translations\/"]}]},{"@type":"BreadcrumbList","@id":"https:\/\/nellestranslations.com\/es\/translations\/#breadcrumb","itemListElement":[{"@type":"ListItem","position":1,"name":"Home","item":"https:\/\/nellestranslations.com\/fr\/"},{"@type":"ListItem","position":2,"name":"Translations"}]},{"@type":"WebSite","@id":"https:\/\/nellestranslations.com\/fr\/#website","url":"https:\/\/nellestranslations.com\/fr\/","name":"Nelles Translations","description":"Traductions Nelles  pour de simples documents d\u2019une page \u00e0 des documents techniques complexes. Nous faisons tout cela!","publisher":{"@id":"https:\/\/nellestranslations.com\/fr\/#organization"},"potentialAction":[{"@type":"SearchAction","target":{"@type":"EntryPoint","urlTemplate":"https:\/\/nellestranslations.com\/fr\/?s={search_term_string}"},"query-input":{"@type":"PropertyValueSpecification","valueRequired":true,"valueName":"search_term_string"}}],"inLanguage":"fr-CA"},{"@type":"Organization","@id":"https:\/\/nellestranslations.com\/fr\/#organization","name":"Nelles Translations","url":"https:\/\/nellestranslations.com\/fr\/","logo":{"@type":"ImageObject","inLanguage":"fr-CA","@id":"https:\/\/nellestranslations.com\/fr\/#\/schema\/logo\/image\/","url":"https:\/\/5z014d.p3cdn1.secureserver.net\/wp-content\/uploads\/2020\/11\/nelles-portal-image.jpg?time=1722610171","contentUrl":"https:\/\/5z014d.p3cdn1.secureserver.net\/wp-content\/uploads\/2020\/11\/nelles-portal-image.jpg?time=1722610171","width":315,"height":600,"caption":"Nelles Translations"},"image":{"@id":"https:\/\/nellestranslations.com\/fr\/#\/schema\/logo\/image\/"},"sameAs":["https:\/\/www.linkedin.com\/in\/dennis-munro-528aa611\/"]}]}},"jetpack_sharing_enabled":true,"jetpack_shortlink":"https:\/\/wp.me\/Pa3kx7-af","_links":{"self":[{"href":"https:\/\/nellestranslations.com\/fr\/wp-json\/wp\/v2\/pages\/635","targetHints":{"allow":["GET"]}}],"collection":[{"href":"https:\/\/nellestranslations.com\/fr\/wp-json\/wp\/v2\/pages"}],"about":[{"href":"https:\/\/nellestranslations.com\/fr\/wp-json\/wp\/v2\/types\/page"}],"author":[{"embeddable":true,"href":"https:\/\/nellestranslations.com\/fr\/wp-json\/wp\/v2\/users\/1"}],"replies":[{"embeddable":true,"href":"https:\/\/nellestranslations.com\/fr\/wp-json\/wp\/v2\/comments?post=635"}],"version-history":[{"count":15,"href":"https:\/\/nellestranslations.com\/fr\/wp-json\/wp\/v2\/pages\/635\/revisions"}],"predecessor-version":[{"id":1137,"href":"https:\/\/nellestranslations.com\/fr\/wp-json\/wp\/v2\/pages\/635\/revisions\/1137"}],"wp:attachment":[{"href":"https:\/\/nellestranslations.com\/fr\/wp-json\/wp\/v2\/media?parent=635"}],"curies":[{"name":"wp","href":"https:\/\/api.w.org\/{rel}","templated":true}]}}