{"id":9,"date":"2018-07-06T15:11:34","date_gmt":"2018-07-06T15:11:34","guid":{"rendered":"https:\/\/nellestranslations.com\/?page_id=9"},"modified":"2018-08-24T20:40:26","modified_gmt":"2018-08-24T20:40:26","slug":"home","status":"publish","type":"page","link":"https:\/\/nellestranslations.com\/ro\/home\/","title":{"rendered":"Old Home"},"content":{"rendered":"<div class=\"vc_row wpb_row vc_row-fluid wpb_animate_when_almost_visible wpb_zoomIn zoomIn vc_custom_1534615428092 vc_row-has-fill\"><div class=\"wpb_column vc_column_container vc_col-sm-6\"><div class=\"vc_column-inner\"><div class=\"wpb_wrapper\"><h1 style=\"font-size: 60px;color: #ffffff;line-height: 1;text-align: left;font-family:Montserrat;font-weight:400;font-style:normal\" class=\"vc_custom_heading\" >With 60+ years in the translation business<\/h1>\n\t<div class=\"wpb_text_column wpb_content_element\" >\n\t\t<div class=\"wpb_wrapper\">\n\t\t\t<p><span style=\"color: #ffffff;\"> we find that customers really demand a high level of service for translations.\u00a0 Of course, this implies pristine quality and competitive costs.<\/span><\/p>\n\n\t\t<\/div>\n\t<\/div>\n<\/div><\/div><\/div><div class=\"wpb_column vc_column_container vc_col-sm-6\"><div class=\"vc_column-inner\"><div class=\"wpb_wrapper\"><div class=\"vc_btn3-container vc_btn3-inline\" >\n\t<a class=\"vc_general vc_btn3 vc_btn3-size-md vc_btn3-shape-round vc_btn3-style-flat vc_btn3-color-orange\" href=\"http:\/\/5z0.14d.myftpupload.com\/what-we-do\/\" title=\"\">Press to enter<\/a><\/div>\n\n\t<div class=\"wpb_text_column wpb_content_element\" >\n\t\t<div class=\"wpb_wrapper\">\n\t\t\t<p><span style=\"color: #ffffff;\">You\u2019re one click away from the best translation company for service-period!<\/span><\/p>\n\n\t\t<\/div>\n\t<\/div>\n<div class=\"vc_row wpb_row vc_inner vc_row-fluid\"><div class=\"wpb_column vc_column_container vc_col-sm-4\"><div class=\"vc_column-inner\"><div class=\"wpb_wrapper\"><\/div><\/div><\/div><\/div><\/div><\/div><\/div><\/div>","protected":false},"excerpt":{"rendered":"With 60+ years in the translation business we find that customers really demand a high level of service for translations.\u00a0 [...]","protected":false},"author":1,"featured_media":0,"parent":0,"menu_order":0,"comment_status":"closed","ping_status":"closed","template":"templates\/page-full-width.php","meta":{"site-sidebar-layout":"no-sidebar","site-content-layout":"plain-container","ast-site-content-layout":"default","site-content-style":"default","site-sidebar-style":"default","ast-global-header-display":"","ast-banner-title-visibility":"","ast-main-header-display":"","ast-hfb-above-header-display":"","ast-hfb-below-header-display":"","ast-hfb-mobile-header-display":"","site-post-title":"disabled","ast-breadcrumbs-content":"","ast-featured-img":"disabled","footer-sml-layout":"","ast-disable-related-posts":"","theme-transparent-header-meta":"","adv-header-id-meta":"","stick-header-meta":"","header-above-stick-meta":"","header-main-stick-meta":"","header-below-stick-meta":"","astra-migrate-meta-layouts":"default","ast-page-background-enabled":"default","ast-page-background-meta":{"desktop":{"background-color":"var(--ast-global-color-5)","background-image":"","background-repeat":"repeat","background-position":"center center","background-size":"auto","background-attachment":"scroll","background-type":"","background-media":"","overlay-type":"","overlay-color":"","overlay-opacity":"","overlay-gradient":""},"tablet":{"background-color":"","background-image":"","background-repeat":"repeat","background-position":"center center","background-size":"auto","background-attachment":"scroll","background-type":"","background-media":"","overlay-type":"","overlay-color":"","overlay-opacity":"","overlay-gradient":""},"mobile":{"background-color":"","background-image":"","background-repeat":"repeat","background-position":"center center","background-size":"auto","background-attachment":"scroll","background-type":"","background-media":"","overlay-type":"","overlay-color":"","overlay-opacity":"","overlay-gradient":""}},"ast-content-background-meta":{"desktop":{"background-color":"var(--ast-global-color-4)","background-image":"","background-repeat":"repeat","background-position":"center center","background-size":"auto","background-attachment":"scroll","background-type":"","background-media":"","overlay-type":"","overlay-color":"","overlay-opacity":"","overlay-gradient":""},"tablet":{"background-color":"var(--ast-global-color-4)","background-image":"","background-repeat":"repeat","background-position":"center center","background-size":"auto","background-attachment":"scroll","background-type":"","background-media":"","overlay-type":"","overlay-color":"","overlay-opacity":"","overlay-gradient":""},"mobile":{"background-color":"var(--ast-global-color-4)","background-image":"","background-repeat":"repeat","background-position":"center center","background-size":"auto","background-attachment":"scroll","background-type":"","background-media":"","overlay-type":"","overlay-color":"","overlay-opacity":"","overlay-gradient":""}},"jetpack_post_was_ever_published":false,"footnotes":""},"class_list":["post-9","page","type-page","status-publish","hentry"],"yoast_head":"<!-- This site is optimized with the Yoast SEO plugin v27.4 - https:\/\/yoast.com\/product\/yoast-seo-wordpress\/ -->\n<title>Old Home - Nelles Translations<\/title>\n<meta name=\"robots\" content=\"index, follow, max-snippet:-1, max-image-preview:large, max-video-preview:-1\" \/>\n<link rel=\"canonical\" href=\"https:\/\/nellestranslations.com\/ro\/home\/\" \/>\n<meta property=\"og:locale\" content=\"ro_RO\" \/>\n<meta property=\"og:type\" content=\"article\" \/>\n<meta property=\"og:title\" content=\"Old Home - Nelles Translations\" \/>\n<meta property=\"og:url\" content=\"https:\/\/nellestranslations.com\/ro\/home\/\" \/>\n<meta property=\"og:site_name\" content=\"Nelles Translations\" \/>\n<meta property=\"article:modified_time\" content=\"2018-08-24T20:40:26+00:00\" \/>\n<meta name=\"twitter:card\" content=\"summary_large_image\" \/>\n<meta name=\"twitter:label1\" content=\"Timp estimat pentru citire\" \/>\n\t<meta name=\"twitter:data1\" content=\"1 minut\" \/>\n<script type=\"application\/ld+json\" class=\"yoast-schema-graph\">{\"@context\":\"https:\\\/\\\/schema.org\",\"@graph\":[{\"@type\":\"WebPage\",\"@id\":\"https:\\\/\\\/nellestranslations.com\\\/fr\\\/home\\\/\",\"url\":\"https:\\\/\\\/nellestranslations.com\\\/fr\\\/home\\\/\",\"name\":\"Old Home - Nelles Translations\",\"isPartOf\":{\"@id\":\"https:\\\/\\\/nellestranslations.com\\\/fr\\\/#website\"},\"datePublished\":\"2018-07-06T15:11:34+00:00\",\"dateModified\":\"2018-08-24T20:40:26+00:00\",\"breadcrumb\":{\"@id\":\"https:\\\/\\\/nellestranslations.com\\\/fr\\\/home\\\/#breadcrumb\"},\"inLanguage\":\"ro-RO\",\"potentialAction\":[{\"@type\":\"ReadAction\",\"target\":[\"https:\\\/\\\/nellestranslations.com\\\/fr\\\/home\\\/\"]}]},{\"@type\":\"BreadcrumbList\",\"@id\":\"https:\\\/\\\/nellestranslations.com\\\/fr\\\/home\\\/#breadcrumb\",\"itemListElement\":[{\"@type\":\"ListItem\",\"position\":1,\"name\":\"Home\",\"item\":\"https:\\\/\\\/nellestranslations.com\\\/fr\\\/\"},{\"@type\":\"ListItem\",\"position\":2,\"name\":\"Old Home\"}]},{\"@type\":\"WebSite\",\"@id\":\"https:\\\/\\\/nellestranslations.com\\\/fr\\\/#website\",\"url\":\"https:\\\/\\\/nellestranslations.com\\\/fr\\\/\",\"name\":\"Nelles Translations\",\"description\":\"Nelles Translations                                                   from simple one-page to complex technical documents. We do it all!\",\"publisher\":{\"@id\":\"https:\\\/\\\/nellestranslations.com\\\/fr\\\/#organization\"},\"potentialAction\":[{\"@type\":\"SearchAction\",\"target\":{\"@type\":\"EntryPoint\",\"urlTemplate\":\"https:\\\/\\\/nellestranslations.com\\\/fr\\\/?s={search_term_string}\"},\"query-input\":{\"@type\":\"PropertyValueSpecification\",\"valueRequired\":true,\"valueName\":\"search_term_string\"}}],\"inLanguage\":\"ro-RO\"},{\"@type\":\"Organization\",\"@id\":\"https:\\\/\\\/nellestranslations.com\\\/fr\\\/#organization\",\"name\":\"Nelles Translations\",\"url\":\"https:\\\/\\\/nellestranslations.com\\\/fr\\\/\",\"logo\":{\"@type\":\"ImageObject\",\"inLanguage\":\"ro-RO\",\"@id\":\"https:\\\/\\\/nellestranslations.com\\\/fr\\\/#\\\/schema\\\/logo\\\/image\\\/\",\"url\":\"https:\\\/\\\/5z014d.p3cdn1.secureserver.net\\\/wp-content\\\/uploads\\\/2020\\\/11\\\/nelles-portal-image.jpg?time=1722610171\",\"contentUrl\":\"https:\\\/\\\/5z014d.p3cdn1.secureserver.net\\\/wp-content\\\/uploads\\\/2020\\\/11\\\/nelles-portal-image.jpg?time=1722610171\",\"width\":315,\"height\":600,\"caption\":\"Nelles Translations\"},\"image\":{\"@id\":\"https:\\\/\\\/nellestranslations.com\\\/fr\\\/#\\\/schema\\\/logo\\\/image\\\/\"},\"sameAs\":[\"https:\\\/\\\/www.linkedin.com\\\/in\\\/dennis-munro-528aa611\\\/\"]}]}<\/script>\n<!-- \/ Yoast SEO plugin. -->","yoast_head_json":{"title":"Old Home - Nelles Translations","robots":{"index":"index","follow":"follow","max-snippet":"max-snippet:-1","max-image-preview":"max-image-preview:large","max-video-preview":"max-video-preview:-1"},"canonical":"https:\/\/nellestranslations.com\/ro\/home\/","og_locale":"ro_RO","og_type":"article","og_title":"Old Home - Nelles Translations","og_url":"https:\/\/nellestranslations.com\/ro\/home\/","og_site_name":"Nelles Translations","article_modified_time":"2018-08-24T20:40:26+00:00","twitter_card":"summary_large_image","twitter_misc":{"Timp estimat pentru citire":"1 minut"},"schema":{"@context":"https:\/\/schema.org","@graph":[{"@type":"WebPage","@id":"https:\/\/nellestranslations.com\/fr\/home\/","url":"https:\/\/nellestranslations.com\/fr\/home\/","name":"Old Home - Nelles Translations","isPartOf":{"@id":"https:\/\/nellestranslations.com\/fr\/#website"},"datePublished":"2018-07-06T15:11:34+00:00","dateModified":"2018-08-24T20:40:26+00:00","breadcrumb":{"@id":"https:\/\/nellestranslations.com\/fr\/home\/#breadcrumb"},"inLanguage":"ro-RO","potentialAction":[{"@type":"ReadAction","target":["https:\/\/nellestranslations.com\/fr\/home\/"]}]},{"@type":"BreadcrumbList","@id":"https:\/\/nellestranslations.com\/fr\/home\/#breadcrumb","itemListElement":[{"@type":"ListItem","position":1,"name":"Home","item":"https:\/\/nellestranslations.com\/fr\/"},{"@type":"ListItem","position":2,"name":"Old Home"}]},{"@type":"WebSite","@id":"https:\/\/nellestranslations.com\/fr\/#website","url":"https:\/\/nellestranslations.com\/fr\/","name":"Nelles Translations","description":"Traduceri \u2013 de la documente simple de o pagin\u0103, p\u00e2n\u0103 la documente tehnice complexe. Facem de toate!","publisher":{"@id":"https:\/\/nellestranslations.com\/fr\/#organization"},"potentialAction":[{"@type":"SearchAction","target":{"@type":"EntryPoint","urlTemplate":"https:\/\/nellestranslations.com\/fr\/?s={search_term_string}"},"query-input":{"@type":"PropertyValueSpecification","valueRequired":true,"valueName":"search_term_string"}}],"inLanguage":"ro-RO"},{"@type":"Organization","@id":"https:\/\/nellestranslations.com\/fr\/#organization","name":"Nelles Translations","url":"https:\/\/nellestranslations.com\/fr\/","logo":{"@type":"ImageObject","inLanguage":"ro-RO","@id":"https:\/\/nellestranslations.com\/fr\/#\/schema\/logo\/image\/","url":"https:\/\/5z014d.p3cdn1.secureserver.net\/wp-content\/uploads\/2020\/11\/nelles-portal-image.jpg?time=1722610171","contentUrl":"https:\/\/5z014d.p3cdn1.secureserver.net\/wp-content\/uploads\/2020\/11\/nelles-portal-image.jpg?time=1722610171","width":315,"height":600,"caption":"Nelles Translations"},"image":{"@id":"https:\/\/nellestranslations.com\/fr\/#\/schema\/logo\/image\/"},"sameAs":["https:\/\/www.linkedin.com\/in\/dennis-munro-528aa611\/"]}]}},"jetpack_sharing_enabled":true,"jetpack_shortlink":"https:\/\/wp.me\/Pa3kx7-9","_links":{"self":[{"href":"https:\/\/nellestranslations.com\/ro\/wp-json\/wp\/v2\/pages\/9","targetHints":{"allow":["GET"]}}],"collection":[{"href":"https:\/\/nellestranslations.com\/ro\/wp-json\/wp\/v2\/pages"}],"about":[{"href":"https:\/\/nellestranslations.com\/ro\/wp-json\/wp\/v2\/types\/page"}],"author":[{"embeddable":true,"href":"https:\/\/nellestranslations.com\/ro\/wp-json\/wp\/v2\/users\/1"}],"replies":[{"embeddable":true,"href":"https:\/\/nellestranslations.com\/ro\/wp-json\/wp\/v2\/comments?post=9"}],"version-history":[{"count":32,"href":"https:\/\/nellestranslations.com\/ro\/wp-json\/wp\/v2\/pages\/9\/revisions"}],"predecessor-version":[{"id":843,"href":"https:\/\/nellestranslations.com\/ro\/wp-json\/wp\/v2\/pages\/9\/revisions\/843"}],"wp:attachment":[{"href":"https:\/\/nellestranslations.com\/ro\/wp-json\/wp\/v2\/media?parent=9"}],"curies":[{"name":"wp","href":"https:\/\/api.w.org\/{rel}","templated":true}]}}